{"id":946,"date":"2023-05-30T16:45:48","date_gmt":"2023-05-30T19:45:48","guid":{"rendered":"https:\/\/ism14-sfe.infd.edu.ar\/sitio\/?page_id=946"},"modified":"2023-05-31T11:20:43","modified_gmt":"2023-05-31T14:20:43","slug":"formacion-docente","status":"publish","type":"page","link":"https:\/\/ism14-sfe.infd.edu.ar\/sitio\/formacion-docente\/","title":{"rendered":"Formaci\u00f3n Docente Contin\u00faa"},"content":{"rendered":"\n<div class=\"wp-block-columns is-layout-flex wp-container-5\">\n<div class=\"wp-block-column is-layout-flow\" style=\"flex-basis:66.66%\">\n<figure class=\"wp-block-gallery has-nested-images columns-default is-cropped wp-block-gallery-1 is-layout-flex\">\n<figure class=\"wp-block-image size-large\"><img decoding=\"async\" loading=\"lazy\" width=\"737\" height=\"461\" src=\"https:\/\/ism14-sfe.infd.edu.ar\/sitio\/wp-content\/uploads\/2023\/05\/288081843_338752115089998_297333567839750761_n.jpg\" alt=\"\" class=\"wp-image-893\"\/><\/figure>\n\n\n\n<figure class=\"wp-block-image size-large\"><img decoding=\"async\" loading=\"lazy\" width=\"1440\" height=\"1080\" src=\"https:\/\/ism14-sfe.infd.edu.ar\/sitio\/wp-content\/uploads\/2023\/05\/277344273_287790616852815_7165779202622946901_n-1.jpg\" alt=\"\" class=\"wp-image-869\" srcset=\"https:\/\/ism14-sfe.infd.edu.ar\/sitio\/wp-content\/uploads\/2023\/05\/277344273_287790616852815_7165779202622946901_n-1.jpg 1440w, https:\/\/ism14-sfe.infd.edu.ar\/sitio\/wp-content\/uploads\/2023\/05\/277344273_287790616852815_7165779202622946901_n-1-1000x750.jpg 1000w, https:\/\/ism14-sfe.infd.edu.ar\/sitio\/wp-content\/uploads\/2023\/05\/277344273_287790616852815_7165779202622946901_n-1-768x576.jpg 768w\" sizes=\"(max-width: 1440px) 100vw, 1440px\" \/><\/figure>\n\n\n\n<figure class=\"wp-block-image size-large\"><img decoding=\"async\" loading=\"lazy\" width=\"1440\" height=\"1082\" src=\"https:\/\/ism14-sfe.infd.edu.ar\/sitio\/wp-content\/uploads\/2023\/05\/277365543_287790613519482_3831769036418624798_n.jpg\" alt=\"\" class=\"wp-image-865\" srcset=\"https:\/\/ism14-sfe.infd.edu.ar\/sitio\/wp-content\/uploads\/2023\/05\/277365543_287790613519482_3831769036418624798_n.jpg 1440w, https:\/\/ism14-sfe.infd.edu.ar\/sitio\/wp-content\/uploads\/2023\/05\/277365543_287790613519482_3831769036418624798_n-1000x751.jpg 1000w, https:\/\/ism14-sfe.infd.edu.ar\/sitio\/wp-content\/uploads\/2023\/05\/277365543_287790613519482_3831769036418624798_n-768x577.jpg 768w\" sizes=\"(max-width: 1440px) 100vw, 1440px\" \/><\/figure>\n\n\n\n<figure class=\"wp-block-image size-large\"><img decoding=\"async\" loading=\"lazy\" width=\"1440\" height=\"1082\" src=\"https:\/\/ism14-sfe.infd.edu.ar\/sitio\/wp-content\/uploads\/2023\/05\/277434400_287790600186150_593770320092803311_n.jpg\" alt=\"\" class=\"wp-image-863\" srcset=\"https:\/\/ism14-sfe.infd.edu.ar\/sitio\/wp-content\/uploads\/2023\/05\/277434400_287790600186150_593770320092803311_n.jpg 1440w, https:\/\/ism14-sfe.infd.edu.ar\/sitio\/wp-content\/uploads\/2023\/05\/277434400_287790600186150_593770320092803311_n-1000x751.jpg 1000w, https:\/\/ism14-sfe.infd.edu.ar\/sitio\/wp-content\/uploads\/2023\/05\/277434400_287790600186150_593770320092803311_n-768x577.jpg 768w\" sizes=\"(max-width: 1440px) 100vw, 1440px\" \/><\/figure>\n\n\n\n<figure class=\"wp-block-image size-large\"><img decoding=\"async\" loading=\"lazy\" width=\"1440\" height=\"1082\" src=\"https:\/\/ism14-sfe.infd.edu.ar\/sitio\/wp-content\/uploads\/2023\/05\/285871929_335165342115342_5244061677635168434_n-1.jpg\" alt=\"\" class=\"wp-image-884\" srcset=\"https:\/\/ism14-sfe.infd.edu.ar\/sitio\/wp-content\/uploads\/2023\/05\/285871929_335165342115342_5244061677635168434_n-1.jpg 1440w, https:\/\/ism14-sfe.infd.edu.ar\/sitio\/wp-content\/uploads\/2023\/05\/285871929_335165342115342_5244061677635168434_n-1-1000x751.jpg 1000w, https:\/\/ism14-sfe.infd.edu.ar\/sitio\/wp-content\/uploads\/2023\/05\/285871929_335165342115342_5244061677635168434_n-1-768x577.jpg 768w\" sizes=\"(max-width: 1440px) 100vw, 1440px\" \/><\/figure>\n\n\n\n<figure class=\"wp-block-image size-large\"><img decoding=\"async\" loading=\"lazy\" width=\"1440\" height=\"1082\" src=\"https:\/\/ism14-sfe.infd.edu.ar\/sitio\/wp-content\/uploads\/2023\/05\/292526618_353975666900976_439899550751628283_n.jpg\" alt=\"\" class=\"wp-image-896\" srcset=\"https:\/\/ism14-sfe.infd.edu.ar\/sitio\/wp-content\/uploads\/2023\/05\/292526618_353975666900976_439899550751628283_n.jpg 1440w, https:\/\/ism14-sfe.infd.edu.ar\/sitio\/wp-content\/uploads\/2023\/05\/292526618_353975666900976_439899550751628283_n-1000x751.jpg 1000w, https:\/\/ism14-sfe.infd.edu.ar\/sitio\/wp-content\/uploads\/2023\/05\/292526618_353975666900976_439899550751628283_n-768x577.jpg 768w\" sizes=\"(max-width: 1440px) 100vw, 1440px\" \/><\/figure>\n\n\n\n<figure class=\"wp-block-image size-large\"><img decoding=\"async\" loading=\"lazy\" width=\"600\" height=\"450\" src=\"https:\/\/ism14-sfe.infd.edu.ar\/sitio\/wp-content\/uploads\/2021\/12\/268434205_216944623937415_6176065630197172656_n.jpg\" alt=\"\" class=\"wp-image-851\"\/><\/figure>\n\n\n\n<figure class=\"wp-block-image size-large\"><img decoding=\"async\" loading=\"lazy\" width=\"1280\" height=\"960\" src=\"https:\/\/ism14-sfe.infd.edu.ar\/sitio\/wp-content\/uploads\/2021\/07\/WhatsApp-Image-2021-05-20-at-21.09.27-3.jpeg\" alt=\"\" class=\"wp-image-819\" srcset=\"https:\/\/ism14-sfe.infd.edu.ar\/sitio\/wp-content\/uploads\/2021\/07\/WhatsApp-Image-2021-05-20-at-21.09.27-3.jpeg 1280w, https:\/\/ism14-sfe.infd.edu.ar\/sitio\/wp-content\/uploads\/2021\/07\/WhatsApp-Image-2021-05-20-at-21.09.27-3-1000x750.jpeg 1000w, https:\/\/ism14-sfe.infd.edu.ar\/sitio\/wp-content\/uploads\/2021\/07\/WhatsApp-Image-2021-05-20-at-21.09.27-3-768x576.jpeg 768w\" sizes=\"(max-width: 1280px) 100vw, 1280px\" \/><\/figure>\n\n\n\n<figure class=\"wp-block-image size-large\"><img decoding=\"async\" loading=\"lazy\" width=\"1440\" height=\"1080\" src=\"https:\/\/ism14-sfe.infd.edu.ar\/sitio\/wp-content\/uploads\/2023\/05\/311605373_424073606564520_3987058184392577057_n.jpg\" alt=\"\" class=\"wp-image-918\" srcset=\"https:\/\/ism14-sfe.infd.edu.ar\/sitio\/wp-content\/uploads\/2023\/05\/311605373_424073606564520_3987058184392577057_n.jpg 1440w, https:\/\/ism14-sfe.infd.edu.ar\/sitio\/wp-content\/uploads\/2023\/05\/311605373_424073606564520_3987058184392577057_n-1000x750.jpg 1000w, https:\/\/ism14-sfe.infd.edu.ar\/sitio\/wp-content\/uploads\/2023\/05\/311605373_424073606564520_3987058184392577057_n-768x576.jpg 768w\" sizes=\"(max-width: 1440px) 100vw, 1440px\" \/><\/figure>\n<\/figure>\n<\/div>\n\n\n\n<div class=\"wp-block-column is-layout-flow\" style=\"flex-basis:33.33%\">\n<figure class=\"wp-block-image size-large\"><img decoding=\"async\" loading=\"lazy\" width=\"1900\" height=\"1900\" src=\"https:\/\/ism14-sfe.infd.edu.ar\/sitio\/wp-content\/uploads\/2023\/05\/nuevas-actualizaciones-04-1900x1900.png\" alt=\"\" class=\"wp-image-963\" srcset=\"https:\/\/ism14-sfe.infd.edu.ar\/sitio\/wp-content\/uploads\/2023\/05\/nuevas-actualizaciones-04-1900x1900.png 1900w, https:\/\/ism14-sfe.infd.edu.ar\/sitio\/wp-content\/uploads\/2023\/05\/nuevas-actualizaciones-04-1000x1000.png 1000w, https:\/\/ism14-sfe.infd.edu.ar\/sitio\/wp-content\/uploads\/2023\/05\/nuevas-actualizaciones-04-500x500.png 500w, https:\/\/ism14-sfe.infd.edu.ar\/sitio\/wp-content\/uploads\/2023\/05\/nuevas-actualizaciones-04-768x768.png 768w, https:\/\/ism14-sfe.infd.edu.ar\/sitio\/wp-content\/uploads\/2023\/05\/nuevas-actualizaciones-04-1536x1536.png 1536w, https:\/\/ism14-sfe.infd.edu.ar\/sitio\/wp-content\/uploads\/2023\/05\/nuevas-actualizaciones-04-2048x2048.png 2048w\" sizes=\"(max-width: 1900px) 100vw, 1900px\" \/><\/figure>\n\n\n\n<p><\/p>\n\n\n\n<p>Nuevas ofertas acad\u00e9micas del Programa Nacional de Formaci\u00f3n Permanente Nuestra Escuela. Son gratuitas y virtuales.<\/p>\n\n\n\n<pre class=\"wp-block-code\"><code><a rel=\"noreferrer noopener\" href=\"https:\/\/infod.educacion.gob.ar\/cursos\" target=\"_blank\">https:\/\/infod.educacion.gob.ar\/cursos<\/a><\/code><\/pre>\n<\/div>\n<\/div>\n\n\n\n<p class=\"has-large-font-size\"><strong>Trayectos Formativos 2023<\/strong><\/p>\n\n\n\n<div class=\"wp-block-cover\" style=\"min-height:95px\"><span aria-hidden=\"true\" class=\"wp-block-cover__background has-base-background-color has-background-dim-100 has-background-dim\"><\/span><div class=\"wp-block-cover__inner-container\">\n<pre class=\"wp-block-preformatted has-accent-color has-text-color has-medium-font-size\">Actualizaci\u00f3n Acad\u00e9mica en Ense\u00f1ar y Aprender Matem\u00e1tica en el nivel primario\nActualizaci\u00f3n Acad\u00e9mica en Primeras Infancias\nActualizaci\u00f3n Acad\u00e9mica en Ense\u00f1ar y Aprender Matem\u00e1tica en la escuela secundaria\nActualizaci\u00f3n Acad\u00e9mica en la Ense\u00f1anza de la lectura y la escritura en la escuela secundaria\nActualizaci\u00f3n Acad\u00e9mica en el Abordaje Educativo de estudiantes con discapacidad\nActualizaci\u00f3n Acad\u00e9mica en la Ense\u00f1anza de la lectura y la escritura en la escuela primaria\nActualizaci\u00f3n Acad\u00e9mica en Pedagog\u00edas de las experiencias socioeducativas\nActualizaci\u00f3n Acad\u00e9mica en Educaci\u00f3n F\u00edsica desde la perspectiva de derechos\nActualizaci\u00f3n Acad\u00e9mica en Educaci\u00f3n Intercultural Biling\u00fce\nActualizaci\u00f3n Acad\u00e9mica en Nuevas Perspectivas para la ense\u00f1anza de las Ciencias Naturales en las escuelas primarias\nActualizaci\u00f3n Acad\u00e9mica en Pol\u00edticas y Gesti\u00f3n Institucional de Institutos de Formaci\u00f3n Docente <\/pre>\n<\/div><\/div>\n\n\n\n<div class=\"wp-block-columns is-layout-flex wp-container-7\">\n<div class=\"wp-block-column is-vertically-aligned-center is-layout-flow\" style=\"flex-basis:100%\">\n<p class=\"has-large-font-size\"><strong>Trayectos Formativos 2022<\/strong><\/p>\n<\/div>\n<\/div>\n\n\n\n<div class=\"wp-block-cover\" style=\"min-height:95px\"><span aria-hidden=\"true\" class=\"wp-block-cover__background has-base-background-color has-background-dim-100 has-background-dim\"><\/span><div class=\"wp-block-cover__inner-container\">\n<pre class=\"wp-block-preformatted has-accent-color has-text-color has-medium-font-size\">Actualizaci\u00f3n Acad\u00e9mica en ense\u00f1anza de la lectura y la escritura en la escuela primaria\nActualizaci\u00f3n Acad\u00e9mica en Educaci\u00f3n F\u00edsica desde la perspectiva de derechos\nActualizaci\u00f3n Acad\u00e9mica en Primeras Infancias\nActualizaci\u00f3n Acad\u00e9mica en ense\u00f1ar y aprender Matem\u00e1tica en la escuela secundaria\nActualizaci\u00f3n Acad\u00e9mica en Pedagog\u00edas de las experiencias socioeducativas\nActualizaci\u00f3n Acad\u00e9mica en ense\u00f1anza de la lectura y la escritura en la escuela secundaria\nActualizaci\u00f3n Acad\u00e9mica en Educaci\u00f3n Intercultural Biling\u00fce\nActualizaci\u00f3n Acad\u00e9mica en Nuevas Perspectivas para la ense\u00f1anza de las Ciencias Naturales en las escuelas primarias\nActualizaci\u00f3n Acad\u00e9mica en el Abordaje Educativo de estudiantes con discapacidad\nActualizaci\u00f3n Acad\u00e9mica en Ense\u00f1ar y Aprender Matem\u00e1tica en el nivel primario<\/pre>\n<\/div><\/div>\n\n\n\n<p class=\"has-large-font-size\"><strong>Trayectos Formativos 2021<\/strong><\/p>\n\n\n\n<div class=\"wp-block-cover\" style=\"min-height:95px\"><span aria-hidden=\"true\" class=\"wp-block-cover__background has-base-background-color has-background-dim-100 has-background-dim\"><\/span><div class=\"wp-block-cover__inner-container\">\n<pre class=\"wp-block-preformatted has-accent-color has-text-color has-medium-font-size\">Actualizaci\u00f3n Acad\u00e9mica en Gesti\u00f3n y Gobierno de las Instituciones Educativas  <\/pre>\n<\/div><\/div>\n","protected":false},"excerpt":{"rendered":"<p>Nuevas ofertas acad\u00e9micas del Programa Nacional de Formaci\u00f3n Permanente Nuestra Escuela. Son gratuitas y virtuales. Trayectos Formativos 2023 Trayectos Formativos 2022 Trayectos Formativos 2021<\/p>\n","protected":false},"author":4,"featured_media":0,"parent":0,"menu_order":0,"comment_status":"closed","ping_status":"closed","template":"","meta":[],"acf":[],"_links":{"self":[{"href":"https:\/\/ism14-sfe.infd.edu.ar\/sitio\/wp-json\/wp\/v2\/pages\/946"}],"collection":[{"href":"https:\/\/ism14-sfe.infd.edu.ar\/sitio\/wp-json\/wp\/v2\/pages"}],"about":[{"href":"https:\/\/ism14-sfe.infd.edu.ar\/sitio\/wp-json\/wp\/v2\/types\/page"}],"author":[{"embeddable":true,"href":"https:\/\/ism14-sfe.infd.edu.ar\/sitio\/wp-json\/wp\/v2\/users\/4"}],"replies":[{"embeddable":true,"href":"https:\/\/ism14-sfe.infd.edu.ar\/sitio\/wp-json\/wp\/v2\/comments?post=946"}],"version-history":[{"count":9,"href":"https:\/\/ism14-sfe.infd.edu.ar\/sitio\/wp-json\/wp\/v2\/pages\/946\/revisions"}],"predecessor-version":[{"id":981,"href":"https:\/\/ism14-sfe.infd.edu.ar\/sitio\/wp-json\/wp\/v2\/pages\/946\/revisions\/981"}],"wp:attachment":[{"href":"https:\/\/ism14-sfe.infd.edu.ar\/sitio\/wp-json\/wp\/v2\/media?parent=946"}],"curies":[{"name":"wp","href":"https:\/\/api.w.org\/{rel}","templated":true}]}}