{"id":768,"date":"2018-07-26T14:05:47","date_gmt":"2018-07-26T17:05:47","guid":{"rendered":"https:\/\/ism14-sfe.infd.edu.ar\/sitio\/?page_id=768"},"modified":"2023-05-30T16:56:55","modified_gmt":"2023-05-30T19:56:55","slug":"docentes","status":"publish","type":"page","link":"https:\/\/ism14-sfe.infd.edu.ar\/sitio\/docentes\/","title":{"rendered":"Cambio Curricular"},"content":{"rendered":"\n<figure class=\"wp-block-gallery has-nested-images columns-default is-cropped wp-block-gallery-1 is-layout-flex\">\n<figure class=\"wp-block-image size-large\"><img decoding=\"async\" loading=\"lazy\" width=\"1440\" height=\"1082\" data-id=\"921\"  src=\"https:\/\/ism14-sfe.infd.edu.ar\/sitio\/wp-content\/uploads\/2023\/05\/311503929_424073616564519_5189464507955670360_n.jpg\" alt=\"\" class=\"wp-image-921\" srcset=\"https:\/\/ism14-sfe.infd.edu.ar\/sitio\/wp-content\/uploads\/2023\/05\/311503929_424073616564519_5189464507955670360_n.jpg 1440w, https:\/\/ism14-sfe.infd.edu.ar\/sitio\/wp-content\/uploads\/2023\/05\/311503929_424073616564519_5189464507955670360_n-1000x751.jpg 1000w, https:\/\/ism14-sfe.infd.edu.ar\/sitio\/wp-content\/uploads\/2023\/05\/311503929_424073616564519_5189464507955670360_n-768x577.jpg 768w\" sizes=\"(max-width: 1440px) 100vw, 1440px\" \/><\/figure>\n\n\n\n<figure class=\"wp-block-image size-large\"><img decoding=\"async\" loading=\"lazy\" width=\"1440\" height=\"1082\" data-id=\"919\"  src=\"https:\/\/ism14-sfe.infd.edu.ar\/sitio\/wp-content\/uploads\/2023\/05\/311814749_424073626564518_3392555412077488849_n.jpg\" alt=\"\" class=\"wp-image-919\" srcset=\"https:\/\/ism14-sfe.infd.edu.ar\/sitio\/wp-content\/uploads\/2023\/05\/311814749_424073626564518_3392555412077488849_n.jpg 1440w, https:\/\/ism14-sfe.infd.edu.ar\/sitio\/wp-content\/uploads\/2023\/05\/311814749_424073626564518_3392555412077488849_n-1000x751.jpg 1000w, https:\/\/ism14-sfe.infd.edu.ar\/sitio\/wp-content\/uploads\/2023\/05\/311814749_424073626564518_3392555412077488849_n-768x577.jpg 768w\" sizes=\"(max-width: 1440px) 100vw, 1440px\" \/><\/figure>\n\n\n\n<figure class=\"wp-block-image size-large\"><img decoding=\"async\" loading=\"lazy\" width=\"1440\" height=\"1082\" data-id=\"917\"  src=\"https:\/\/ism14-sfe.infd.edu.ar\/sitio\/wp-content\/uploads\/2023\/05\/311661165_424073619897852_131686783583717064_n.jpg\" alt=\"\" class=\"wp-image-917\" srcset=\"https:\/\/ism14-sfe.infd.edu.ar\/sitio\/wp-content\/uploads\/2023\/05\/311661165_424073619897852_131686783583717064_n.jpg 1440w, https:\/\/ism14-sfe.infd.edu.ar\/sitio\/wp-content\/uploads\/2023\/05\/311661165_424073619897852_131686783583717064_n-1000x751.jpg 1000w, https:\/\/ism14-sfe.infd.edu.ar\/sitio\/wp-content\/uploads\/2023\/05\/311661165_424073619897852_131686783583717064_n-768x577.jpg 768w\" sizes=\"(max-width: 1440px) 100vw, 1440px\" \/><\/figure>\n\n\n\n<figure class=\"wp-block-image size-large\"><img decoding=\"async\" loading=\"lazy\" width=\"1440\" height=\"1082\" data-id=\"916\"  src=\"https:\/\/ism14-sfe.infd.edu.ar\/sitio\/wp-content\/uploads\/2023\/05\/311836206_424073623231185_6529705920166868044_n.jpg\" alt=\"\" class=\"wp-image-916\" srcset=\"https:\/\/ism14-sfe.infd.edu.ar\/sitio\/wp-content\/uploads\/2023\/05\/311836206_424073623231185_6529705920166868044_n.jpg 1440w, https:\/\/ism14-sfe.infd.edu.ar\/sitio\/wp-content\/uploads\/2023\/05\/311836206_424073623231185_6529705920166868044_n-1000x751.jpg 1000w, https:\/\/ism14-sfe.infd.edu.ar\/sitio\/wp-content\/uploads\/2023\/05\/311836206_424073623231185_6529705920166868044_n-768x577.jpg 768w\" sizes=\"(max-width: 1440px) 100vw, 1440px\" \/><\/figure>\n\n\n\n<figure class=\"wp-block-image size-large\"><img decoding=\"async\" loading=\"lazy\" width=\"1440\" height=\"1082\" data-id=\"884\"  src=\"https:\/\/ism14-sfe.infd.edu.ar\/sitio\/wp-content\/uploads\/2023\/05\/285871929_335165342115342_5244061677635168434_n-1.jpg\" alt=\"\" class=\"wp-image-884\" srcset=\"https:\/\/ism14-sfe.infd.edu.ar\/sitio\/wp-content\/uploads\/2023\/05\/285871929_335165342115342_5244061677635168434_n-1.jpg 1440w, https:\/\/ism14-sfe.infd.edu.ar\/sitio\/wp-content\/uploads\/2023\/05\/285871929_335165342115342_5244061677635168434_n-1-1000x751.jpg 1000w, https:\/\/ism14-sfe.infd.edu.ar\/sitio\/wp-content\/uploads\/2023\/05\/285871929_335165342115342_5244061677635168434_n-1-768x577.jpg 768w\" sizes=\"(max-width: 1440px) 100vw, 1440px\" \/><\/figure>\n\n\n\n<figure class=\"wp-block-image size-large\"><img decoding=\"async\" loading=\"lazy\" width=\"1440\" height=\"1082\" data-id=\"883\"  src=\"https:\/\/ism14-sfe.infd.edu.ar\/sitio\/wp-content\/uploads\/2023\/05\/285722533_335165345448675_8557029037397186676_n-1.jpg\" alt=\"\" class=\"wp-image-883\" srcset=\"https:\/\/ism14-sfe.infd.edu.ar\/sitio\/wp-content\/uploads\/2023\/05\/285722533_335165345448675_8557029037397186676_n-1.jpg 1440w, https:\/\/ism14-sfe.infd.edu.ar\/sitio\/wp-content\/uploads\/2023\/05\/285722533_335165345448675_8557029037397186676_n-1-1000x751.jpg 1000w, https:\/\/ism14-sfe.infd.edu.ar\/sitio\/wp-content\/uploads\/2023\/05\/285722533_335165345448675_8557029037397186676_n-1-768x577.jpg 768w\" sizes=\"(max-width: 1440px) 100vw, 1440px\" \/><\/figure>\n\n\n\n<figure class=\"wp-block-image size-large\"><img decoding=\"async\" loading=\"lazy\" width=\"1440\" height=\"1082\" data-id=\"882\"  src=\"https:\/\/ism14-sfe.infd.edu.ar\/sitio\/wp-content\/uploads\/2023\/05\/286589143_335165352115341_7117391271755262978_n-1.jpg\" alt=\"\" class=\"wp-image-882\" srcset=\"https:\/\/ism14-sfe.infd.edu.ar\/sitio\/wp-content\/uploads\/2023\/05\/286589143_335165352115341_7117391271755262978_n-1.jpg 1440w, https:\/\/ism14-sfe.infd.edu.ar\/sitio\/wp-content\/uploads\/2023\/05\/286589143_335165352115341_7117391271755262978_n-1-1000x751.jpg 1000w, https:\/\/ism14-sfe.infd.edu.ar\/sitio\/wp-content\/uploads\/2023\/05\/286589143_335165352115341_7117391271755262978_n-1-768x577.jpg 768w\" sizes=\"(max-width: 1440px) 100vw, 1440px\" \/><\/figure>\n\n\n\n<figure class=\"wp-block-image size-large\"><img decoding=\"async\" loading=\"lazy\" width=\"1440\" height=\"1082\" data-id=\"881\"  src=\"https:\/\/ism14-sfe.infd.edu.ar\/sitio\/wp-content\/uploads\/2023\/05\/286157185_335165348782008_4573707992950257498_n-1.jpg\" alt=\"\" class=\"wp-image-881\" srcset=\"https:\/\/ism14-sfe.infd.edu.ar\/sitio\/wp-content\/uploads\/2023\/05\/286157185_335165348782008_4573707992950257498_n-1.jpg 1440w, https:\/\/ism14-sfe.infd.edu.ar\/sitio\/wp-content\/uploads\/2023\/05\/286157185_335165348782008_4573707992950257498_n-1-1000x751.jpg 1000w, https:\/\/ism14-sfe.infd.edu.ar\/sitio\/wp-content\/uploads\/2023\/05\/286157185_335165348782008_4573707992950257498_n-1-768x577.jpg 768w\" sizes=\"(max-width: 1440px) 100vw, 1440px\" \/><\/figure>\n\n\n\n<figure class=\"wp-block-image size-large\"><img decoding=\"async\" loading=\"lazy\" width=\"1440\" height=\"1080\" data-id=\"869\"  src=\"https:\/\/ism14-sfe.infd.edu.ar\/sitio\/wp-content\/uploads\/2023\/05\/277344273_287790616852815_7165779202622946901_n-1.jpg\" alt=\"\" class=\"wp-image-869\" srcset=\"https:\/\/ism14-sfe.infd.edu.ar\/sitio\/wp-content\/uploads\/2023\/05\/277344273_287790616852815_7165779202622946901_n-1.jpg 1440w, https:\/\/ism14-sfe.infd.edu.ar\/sitio\/wp-content\/uploads\/2023\/05\/277344273_287790616852815_7165779202622946901_n-1-1000x750.jpg 1000w, https:\/\/ism14-sfe.infd.edu.ar\/sitio\/wp-content\/uploads\/2023\/05\/277344273_287790616852815_7165779202622946901_n-1-768x576.jpg 768w\" sizes=\"(max-width: 1440px) 100vw, 1440px\" \/><\/figure>\n<\/figure>\n\n\n\n<div class=\"wp-block-media-text alignwide is-stacked-on-mobile https:\/\/www.youtube.com\/live\/wRlzOY5xQIs?feature=share has-base-2-background-color has-background\"><figure class=\"wp-block-media-text__media\"><img decoding=\"async\" loading=\"lazy\" width=\"1000\" height=\"1000\" src=\"https:\/\/ism14-sfe.infd.edu.ar\/sitio\/wp-content\/uploads\/2023\/05\/340981250_226133773430971_2482772422259983259_n-1000x1000.jpg\" alt=\"\" class=\"wp-image-932 size-medium\" srcset=\"https:\/\/ism14-sfe.infd.edu.ar\/sitio\/wp-content\/uploads\/2023\/05\/340981250_226133773430971_2482772422259983259_n-1000x1000.jpg 1000w, https:\/\/ism14-sfe.infd.edu.ar\/sitio\/wp-content\/uploads\/2023\/05\/340981250_226133773430971_2482772422259983259_n-500x500.jpg 500w, https:\/\/ism14-sfe.infd.edu.ar\/sitio\/wp-content\/uploads\/2023\/05\/340981250_226133773430971_2482772422259983259_n-768x768.jpg 768w, https:\/\/ism14-sfe.infd.edu.ar\/sitio\/wp-content\/uploads\/2023\/05\/340981250_226133773430971_2482772422259983259_n.jpg 1440w\" sizes=\"(max-width: 1000px) 100vw, 1000px\" \/><\/figure><div class=\"wp-block-media-text__content\">\n<p>Se llev\u00f3 adelante el conversatorio: \u00abLas Ciencias de la Educaci\u00f3n en Argentina. Los aportes, las preocupaciones (y ocupaciones) desde el Dise\u00f1o Curricular a los profesorados de la provincia de Santa Fe\u00bb a cargo de la Dr. Mar\u00eda Eugenia Vicente. All\u00ed se present\u00f3 el dise\u00f1o curricular del Profesorado en Educaci\u00f3n Superior en Ciencias de la Educaci\u00f3n.<\/p>\n\n\n\n<p>Se encuentra disponible el encuentro por YouTube para que aquellos interesados puedan volverlo a ver<\/p>\n\n\n\n<pre class=\"wp-block-code\"><code><a href=\"https:\/\/www.youtube.com\/live\/wRlzOY5xQIs?feature=share\">https:\/\/www.youtube.com\/live\/wRlzOY5xQIs?feature=share<\/a><\/code><\/pre>\n<\/div><\/div>\n\n\n\n<div class=\"wp-block-columns are-vertically-aligned-center is-layout-flex wp-container-5\">\n<div class=\"wp-block-column is-vertically-aligned-center is-layout-flow\" style=\"flex-basis:100%\">\n<div class=\"wp-block-group has-medium-font-size is-layout-constrained\" style=\"font-style:normal;font-weight:700\"><div class=\"wp-block-group__inner-container\"><ul class=\"wp-block-latest-posts__list wp-block-latest-posts\"><li><a class=\"wp-block-latest-posts__post-title\" href=\"https:\/\/ism14-sfe.infd.edu.ar\/sitio\/reuniones-por-el-cambio-curricular-en-ciencias-de-la-educacion\/\">Reuniones por el Cambio Curricular en Ciencias de la Educaci\u00f3n<\/a><\/li>\n<li><a class=\"wp-block-latest-posts__post-title\" href=\"https:\/\/ism14-sfe.infd.edu.ar\/sitio\/nuevas-ofertas-academicas-infod\/\">Nuevas ofertas acad\u00e9micas INFOD<\/a><\/li>\n<li><a class=\"wp-block-latest-posts__post-title\" href=\"https:\/\/ism14-sfe.infd.edu.ar\/sitio\/reunion-por-la-construccion-del-edificio-propio\/\">Reuni\u00f3n por la construcci\u00f3n del edificio propio<\/a><\/li>\n<li><a class=\"wp-block-latest-posts__post-title\" href=\"https:\/\/ism14-sfe.infd.edu.ar\/sitio\/conversatorio-de-la-dr-maria-eugenia-vicente\/\">Conversatorio de la Dr. Mar\u00eda Eugenia Vicente<\/a><\/li>\n<li><a class=\"wp-block-latest-posts__post-title\" href=\"https:\/\/ism14-sfe.infd.edu.ar\/sitio\/educar-en-igualdad\/\">Novedades 2023<\/a><\/li>\n<\/ul><\/div><\/div>\n<\/div>\n<\/div>\n\n\n\n<div class=\"wp-block-buttons is-layout-flex\"><\/div>\n\n\n","protected":false},"excerpt":{"rendered":"","protected":false},"author":6,"featured_media":0,"parent":0,"menu_order":0,"comment_status":"closed","ping_status":"closed","template":"","meta":[],"acf":[],"_links":{"self":[{"href":"https:\/\/ism14-sfe.infd.edu.ar\/sitio\/wp-json\/wp\/v2\/pages\/768"}],"collection":[{"href":"https:\/\/ism14-sfe.infd.edu.ar\/sitio\/wp-json\/wp\/v2\/pages"}],"about":[{"href":"https:\/\/ism14-sfe.infd.edu.ar\/sitio\/wp-json\/wp\/v2\/types\/page"}],"author":[{"embeddable":true,"href":"https:\/\/ism14-sfe.infd.edu.ar\/sitio\/wp-json\/wp\/v2\/users\/6"}],"replies":[{"embeddable":true,"href":"https:\/\/ism14-sfe.infd.edu.ar\/sitio\/wp-json\/wp\/v2\/comments?post=768"}],"version-history":[{"count":9,"href":"https:\/\/ism14-sfe.infd.edu.ar\/sitio\/wp-json\/wp\/v2\/pages\/768\/revisions"}],"predecessor-version":[{"id":959,"href":"https:\/\/ism14-sfe.infd.edu.ar\/sitio\/wp-json\/wp\/v2\/pages\/768\/revisions\/959"}],"wp:attachment":[{"href":"https:\/\/ism14-sfe.infd.edu.ar\/sitio\/wp-json\/wp\/v2\/media?parent=768"}],"curies":[{"name":"wp","href":"https:\/\/api.w.org\/{rel}","templated":true}]}}