{"id":683,"date":"2018-07-25T15:06:14","date_gmt":"2018-07-25T18:06:14","guid":{"rendered":"https:\/\/ism14-sfe.infd.edu.ar\/sitio\/?page_id=683"},"modified":"2023-06-01T10:57:21","modified_gmt":"2023-06-01T13:57:21","slug":"institucional","status":"publish","type":"page","link":"https:\/\/ism14-sfe.infd.edu.ar\/sitio\/institucional\/","title":{"rendered":"El Instituto"},"content":{"rendered":"<p>En 1961, Fernando R. Prieto (Director General de Escuelas Secundarias) y Juan Carlos D\u00e1vila (Inspector General de Escuelas Primarias), elevan el proyecto de creaci\u00f3n del Instituto Superior del Magisterio al entonces gobernador de la Provincia, Dr. Carlos Sylvestre Begnis. El prop\u00f3sito de esta iniciativa estaba dirigida a integrar a los docentes en las problem\u00e1ticas filos\u00f3ficas en torno a la cultura, el hombre, la sociedad y la educaci\u00f3n.<\/p>\n<p>A 60 a\u00f1os de su creaci\u00f3n, el ISM 14 contin\u00faa con la formaci\u00f3n de las y los docentes santafesinos sosteniendo los valores que lo vieron nacer.<\/p>\n<h5>Recorrido Hist\u00f3rico<\/h5>\n<p>La historia del Instituto Superior del Magisterio estuvo marcada por los diferentes contextos sociopol\u00edticos que atraves\u00f3 nuestro Pa\u00eds, y que fueron afectando la vida institucional de dicho establecimiento.<\/p>\n<p>En los a\u00f1os 1963 y 1964 se estableci\u00f3 el Reglamento General, delimitando sus objetivos y\u00a0conformando la organizaci\u00f3n definitiva de un plan de estudios.<\/p>\n<p>En los a\u00f1os 1967 y 1968 se declara intervenido el ISM a \u201cfin de facilitar la reorganizaci\u00f3n en los aspectos referidos a su estructura t\u00e9cnico-pedag\u00f3gica y funcional\u201d Estas medidas se reafirman en la d\u00e9cada del 70.<\/p>\n<p>A partir de 1983 con la vuelta de la democracia, se ponen en observancia todas las medidas adoptadas con anterioridad y se aprueba un nuevo reglamento general para los Institutos Superiores del Magisterio de Rosario 14 y 13.<\/p>\n<p>El Ministro de Educaci\u00f3n, Ing. Fernando Bondes\u00edo, mediante Resoluci\u00f3n Ministerial N\u00b0 625 del a\u00f1o 1995 aprueba el Reglamento Org\u00e1nico de los Institutos Superiores del Magisterio N\u00b0 13 y N\u00b0 14 elaborados por la Direcci\u00f3n Provincial de Educaci\u00f3n Superior, Perfeccionamiento Docente, Programaci\u00f3n y Desarrollo Curricular.<\/p>\n<h5>Edificios que habitaron desde sus comienzos hasta la actualidad<\/h5>\n<p><strong>ISM N\u00b0 13<\/strong><\/p>\n<p>Comenz\u00f3 su gesti\u00f3n en la Hist\u00f3rica Escuela Col\u00f3n hasta el a\u00f1o 1976 que se traslada a la escuela N\u00b0 1 Domingo F. Sarmiento.<\/p>\n<p>En el a\u00f1o 2008 comienza a funcionar en la Escuela N\u00b0 481 Esteban Echeverr\u00eda; dos a\u00f1os despu\u00e9s, hacia 2010 se muda al edificio de calle Rivadavia 2553.<br \/>\nActualmente se encuentra funcionando en calle San Mart\u00edn 2365.<\/p>\n<p><strong>ISM N\u00b0 14<\/strong><\/p>\n<p>En 1967 se traslada a la Escuela N\u00b0 54, al a\u00f1o siguiente la Escuela N\u00b0 78 cede el espacio para el desarrollo regular de sus actividades.<\/p>\n<p>En el a\u00f1o 1973 se traslada el \u201cCentro Pedag\u00f3gico\u201d (nombre asignado en ese per\u00edodo al ISM N\u00b0 14) a la planta alta del edificio Nacional N\u00b0 1.<\/p>\n<p>En 1979 se dispone su traslado al edificio de la Escuela N\u00b0 55, lugar donde permaneci\u00f3 hasta el a\u00f1o 2010 cuando se mud\u00f3 a la calle Laprida 1051, residiendo all\u00ed desde ese entonces hasta la actualidad.<\/p>\n<h5>Normativas Institucionales<\/h5>\n<p>La Instituci\u00f3n se rigi\u00f3 siempre con REGLAMENTACI\u00d3N PROPIA Y ESPEC\u00cdFICA y nunca se encuadr\u00f3 legalmente bajo el R\u00e9gimen del Dcto N\u00b0 798\/86 -aplicable a los dem\u00e1s Institutos Superiores de la Provincia-, a saber:<\/p>\n<ul>\n<li>N\u00b0 4815\/61: crea el Instituto Superior del Magisterio Santafesino.<\/li>\n<li>N\u00b0 04217\/63: se dicta el Reglamento General, estableciendo sus objetivos y organizaci\u00f3n.<\/li>\n<li>Dcto N\u00b0 05784\/64: se fija el Reglamento General para el Instituto Superior del Magisterio y aprueba el plan de estudios que se transcribe en el Decreto mencionado.<\/li>\n<li>N\u00b0 920\/72: transforma al I.S.M. en Centro Pedag\u00f3gico de la Provincia de Santa Fe.<\/li>\n<li>N\u00b0 865\/83: modifica el Dcto. N\u00b0 4815\/61- Reglamenta I.S.M.<\/li>\n<li>N\u00b0: 895\/89: transforma I.S.M. en Centros de Apoyo Educativos.<\/li>\n<li>N\u00b0 6079\/91: deroga el Dcto. N\u00b0 895\/89 y restituye la denominaci\u00f3n Instituto Superior del Magisterio N\u00b013 de Santa Fe y N\u00b0 14 de Rosario.<\/li>\n<li>Resoluci\u00f3n Ministerial N\u00b0 625\/95: aprueba el Reglamento Org\u00e1nico de I.S.M.<\/li>\n<li>N\u00b0 875\/95: modifica la Resoluci\u00f3n Ministerial N\u00b0 625\/95.<\/li>\n<li>Dcto N\u00b0 1453\/03: \u201cReglamento Org\u00e1nico Instituto Superior del Magisterio\u201d (deja sin efecto el Dcto. N\u00b0 6079\/91.-R.M. N\u00b0 625\/95 y su MODIFICATORIA).<\/li>\n<li><strong>DECRETOS, RESOLUCIONES MINISTERIALES Y DISPOSICIONES CORRESPONDIENTES AL INSTITUTO SUPERIOR DEL MAGISTERIO.<\/strong><\/li>\n<li>Decreto N\u00b0 05702. (31-05-62). Nombra Director del I.S.M. al Dr. Oviedo Juan Menin.<\/li>\n<li>Decreto N\u00b0 06716 (08-08-63). Reglamento de concurso para cargos directivos, docentes y administrativos.<\/li>\n<li>Decreto N\u00b0 2182 (13-03-64). Anula el llamado a concurso del Decreto N\u00b0 06716.<\/li>\n<\/ul>\n<p>En la actualidad el ISM 14 es una instituci\u00f3n educativa destinada a coordinar, desarrollar y promover acciones de dise\u00f1o curricular, capacitaci\u00f3n, investigaci\u00f3n y extensi\u00f3n. Sus principales fundamentos se sustentan en la articulaci\u00f3n de tres pilares: la pol\u00edtica educativa, la rigurosidad acad\u00e9mica y la creaci\u00f3n de un dispositivo pedag\u00f3gico que incluye tecnolog\u00edas digitales.<\/p>\n<p>De esta manera, sus acciones responden al requerimiento de una mejora permanente del desempe\u00f1o profesional de los educadores del territorio santafesino, estableciendo una verdadera relaci\u00f3n entre: teor\u00eda y pr\u00e1ctica, capacitaci\u00f3n acad\u00e9mica y praxis territorial, academia y reflexi\u00f3n contextualizada.<\/p>\n","protected":false},"excerpt":{"rendered":"<p>En 1961, Fernando R. Prieto (Director General de Escuelas Secundarias) y Juan Carlos D\u00e1vila (Inspector General de Escuelas Primarias), elevan el proyecto de creaci\u00f3n del Instituto Superior del Magisterio al entonces gobernador de la Provincia, Dr. Carlos Sylvestre Begnis. El prop\u00f3sito de esta iniciativa estaba dirigida a integrar a los docentes en las problem\u00e1ticas filos\u00f3ficas &#8230; <a title=\"El Instituto\" class=\"read-more\" href=\"https:\/\/ism14-sfe.infd.edu.ar\/sitio\/institucional\/\" aria-label=\"More on El Instituto\">[+]<\/a><\/p>\n","protected":false},"author":6,"featured_media":0,"parent":0,"menu_order":0,"comment_status":"closed","ping_status":"closed","template":"","meta":[],"acf":[],"_links":{"self":[{"href":"https:\/\/ism14-sfe.infd.edu.ar\/sitio\/wp-json\/wp\/v2\/pages\/683"}],"collection":[{"href":"https:\/\/ism14-sfe.infd.edu.ar\/sitio\/wp-json\/wp\/v2\/pages"}],"about":[{"href":"https:\/\/ism14-sfe.infd.edu.ar\/sitio\/wp-json\/wp\/v2\/types\/page"}],"author":[{"embeddable":true,"href":"https:\/\/ism14-sfe.infd.edu.ar\/sitio\/wp-json\/wp\/v2\/users\/6"}],"replies":[{"embeddable":true,"href":"https:\/\/ism14-sfe.infd.edu.ar\/sitio\/wp-json\/wp\/v2\/comments?post=683"}],"version-history":[{"count":10,"href":"https:\/\/ism14-sfe.infd.edu.ar\/sitio\/wp-json\/wp\/v2\/pages\/683\/revisions"}],"predecessor-version":[{"id":983,"href":"https:\/\/ism14-sfe.infd.edu.ar\/sitio\/wp-json\/wp\/v2\/pages\/683\/revisions\/983"}],"wp:attachment":[{"href":"https:\/\/ism14-sfe.infd.edu.ar\/sitio\/wp-json\/wp\/v2\/media?parent=683"}],"curies":[{"name":"wp","href":"https:\/\/api.w.org\/{rel}","templated":true}]}}